{"id":57687,"date":"2023-11-07T10:47:36","date_gmt":"2023-11-07T02:47:36","guid":{"rendered":"https:\/\/www.hsu.edu.hk\/?page_id=57687"},"modified":"2023-11-07T10:53:23","modified_gmt":"2023-11-07T02:53:23","slug":"dr-warren-mok","status":"publish","type":"page","link":"https:\/\/www.hsu.edu.hk\/en\/academics\/honorary-professors-and-adjunct-professors\/dr-warren-mok\/","title":{"rendered":"Dr Warren MOK"},"content":{"rendered":"\t\t<div data-elementor-type=\"wp-page\" data-elementor-id=\"57687\" class=\"elementor elementor-57687\" data-elementor-settings=\"[]\">\n\t\t\t\t\t\t<div class=\"elementor-inner\">\n\t\t\t\t\t\t\t<div class=\"elementor-section-wrap\">\n\t\t\t\t\t\t\t<section class=\"elementor-section elementor-top-section elementor-element elementor-element-1ba7748 elementor-section-boxed elementor-section-height-default elementor-section-height-default\" data-id=\"1ba7748\" data-element_type=\"section\">\n\t\t\t\t\t\t<div class=\"elementor-container elementor-column-gap-default\">\n\t\t\t\t\t\t\t<div class=\"elementor-row\">\n\t\t\t\t\t<div class=\"elementor-column elementor-col-100 elementor-top-column elementor-element elementor-element-33cd6c2\" data-id=\"33cd6c2\" data-element_type=\"column\">\n\t\t\t<div class=\"elementor-column-wrap elementor-element-populated\">\n\t\t\t\t\t\t\t<div class=\"elementor-widget-wrap\">\n\t\t\t\t\t\t<section class=\"elementor-section elementor-inner-section elementor-element elementor-element-82627fc elementor-section-boxed elementor-section-height-default elementor-section-height-default\" data-id=\"82627fc\" data-element_type=\"section\">\n\t\t\t\t\t\t<div class=\"elementor-container elementor-column-gap-default\">\n\t\t\t\t\t\t\t<div class=\"elementor-row\">\n\t\t\t\t\t<div class=\"elementor-column elementor-col-50 elementor-inner-column elementor-element elementor-element-5c8b061\" data-id=\"5c8b061\" data-element_type=\"column\">\n\t\t\t<div class=\"elementor-column-wrap elementor-element-populated\">\n\t\t\t\t\t\t\t<div class=\"elementor-widget-wrap\">\n\t\t\t\t\t\t<div class=\"elementor-element elementor-element-877aa96 elementor-widget elementor-widget-heading\" data-id=\"877aa96\" data-element_type=\"widget\" data-widget_type=\"heading.default\">\n\t\t\t\t<div class=\"elementor-widget-container\">\n\t\t\t<h5 class=\"elementor-heading-title elementor-size-default\">Artistic Director of Opera Hong Kong<\/h5>\t\t<\/div>\n\t\t\t\t<\/div>\n\t\t\t\t\t\t<\/div>\n\t\t\t\t\t<\/div>\n\t\t<\/div>\n\t\t\t\t<div class=\"elementor-column elementor-col-50 elementor-inner-column elementor-element elementor-element-1631bf9\" data-id=\"1631bf9\" data-element_type=\"column\">\n\t\t\t<div class=\"elementor-column-wrap elementor-element-populated\">\n\t\t\t\t\t\t\t<div class=\"elementor-widget-wrap\">\n\t\t\t\t\t\t<div class=\"elementor-element elementor-element-d0e7aa5 elementor-align-right elementor-widget elementor-widget-button\" data-id=\"d0e7aa5\" data-element_type=\"widget\" data-widget_type=\"button.default\">\n\t\t\t\t<div class=\"elementor-widget-container\">\n\t\t\t\t\t<div class=\"elementor-button-wrapper\">\n\t\t\t<a href=\"\/academics\/honorary-professors-and-adjunct-professors\/\" class=\"elementor-button-link elementor-button elementor-size-sm\" role=\"button\">\n\t\t\t\t\t\t<span class=\"elementor-button-content-wrapper\">\n\t\t\t\t\t\t<span class=\"elementor-button-icon elementor-align-icon-left\">\n\t\t\t\t<i aria-hidden=\"true\" class=\"fas fa-angle-left\"><\/i>\t\t\t<\/span>\n\t\t\t\t\t\t<span class=\"elementor-button-text\">back<\/span>\n\t\t<\/span>\n\t\t\t\t\t<\/a>\n\t\t<\/div>\n\t\t\t\t<\/div>\n\t\t\t\t<\/div>\n\t\t\t\t\t\t<\/div>\n\t\t\t\t\t<\/div>\n\t\t<\/div>\n\t\t\t\t\t\t\t\t<\/div>\n\t\t\t\t\t<\/div>\n\t\t<\/section>\n\t\t\t\t<section class=\"elementor-section elementor-inner-section elementor-element elementor-element-8c66621 elementor-section-boxed elementor-section-height-default elementor-section-height-default\" data-id=\"8c66621\" data-element_type=\"section\">\n\t\t\t\t\t\t<div class=\"elementor-container elementor-column-gap-default\">\n\t\t\t\t\t\t\t<div class=\"elementor-row\">\n\t\t\t\t\t<div class=\"elementor-column elementor-col-50 elementor-inner-column elementor-element elementor-element-fc43cfe\" data-id=\"fc43cfe\" data-element_type=\"column\">\n\t\t\t<div class=\"elementor-column-wrap elementor-element-populated\">\n\t\t\t\t\t\t\t<div class=\"elementor-widget-wrap\">\n\t\t\t\t\t\t<div class=\"elementor-element elementor-element-d7ba8b9 elementor-widget elementor-widget-text-editor\" data-id=\"d7ba8b9\" data-element_type=\"widget\" data-widget_type=\"text-editor.default\">\n\t\t\t\t<div class=\"elementor-widget-container\">\n\t\t\t\t\t<div class=\"elementor-text-editor elementor-clearfix\"><p>A world-renowned Chinese tenor from Hong Kong, Warren Mok has made frequent guest appearances in many leading opera houses throughout the world. His operatic repertoire exceeds 60 roles including Cavaradossi in <em>Tosca<\/em>, Calaf in <em>Turandot<\/em>, Rodolfo in <em>La boh\u00e8me<\/em>, Radam\u00e8s in <em>A\u00efda <\/em>and many others. In recent years, Mok is very active in promoting opera and classical music in Hong Kong, Macao and the Mainland. He is currently the Artistic Director of Opera Hong Kong, Fujian Grand Theatre and Zhuhai Huafa Grand Theatre, and was also the Artistic Director of the Macao International Music Festival.<\/p><p>Mok is currently a member of the National Committee of the Chinese People\u2019s Political Consultative Conference. He was awarded the Bronze Bauhinia Star by the Government of Hong Kong Special Administrative Region (HKSAR) and conferred an Honorary Doctorate by The Hong Kong Academy for Performing Arts in 2021, Honorary University Fellowship by Hong Kong Baptist University in 2019, Officer of the Order of the Star of Italy by the Government of Italy in 2018, Medal of Honour by the HKSAR Government in 2011, World Outstanding Chinese Award in 2010, and both Cavaliere dell\u2019Ordine della Stella della Solidariet\u00e0 Italiana (Knight of the Star of Solidarity of Italy) by the Government of Italy and Chevalier dans I\u2019Ordre des Arts et des Lettres (Knight of the Order of Art and Letter) by the Government of France in 2008. In 2012, China\u2019s Three Tenors \u2014 Warren Mok, Dai Yuqiang and Wei Song toured the world to promote Chinese culture. In 2015, Mok was appointed as a member of Beijing Committee of Chinese People\u2019s Political Consultative Conference, fostering the bridge and development between the two cities. He was also a former member of Zhuhai Committee of Chinese People\u2019s Political Consultative Conference.<\/p><p><\/p><\/div>\n\t\t\t\t<\/div>\n\t\t\t\t<\/div>\n\t\t\t\t\t\t<\/div>\n\t\t\t\t\t<\/div>\n\t\t<\/div>\n\t\t\t\t<div class=\"elementor-column elementor-col-50 elementor-inner-column elementor-element elementor-element-e3dc872\" data-id=\"e3dc872\" data-element_type=\"column\">\n\t\t\t<div class=\"elementor-column-wrap elementor-element-populated\">\n\t\t\t\t\t\t\t<div class=\"elementor-widget-wrap\">\n\t\t\t\t\t\t<div class=\"elementor-element elementor-element-d620f5c elementor-widget elementor-widget-image\" data-id=\"d620f5c\" data-element_type=\"widget\" data-widget_type=\"image.default\">\n\t\t\t\t<div class=\"elementor-widget-container\">\n\t\t\t\t\t<div class=\"elementor-image\">\n\t\t\t\t\t\t\t\t\t\t<img width=\"435\" height=\"660\" src=\"https:\/\/www.hsu.edu.hk\/wp-content\/uploads\/2023\/11\/Picture1.jpg\" class=\"attachment-large size-large\" alt=\"\" loading=\"lazy\" \/>\t\t\t\t\t\t\t\t\t\t\t<\/div>\n\t\t\t\t<\/div>\n\t\t\t\t<\/div>\n\t\t\t\t\t\t<\/div>\n\t\t\t\t\t<\/div>\n\t\t<\/div>\n\t\t\t\t\t\t\t\t<\/div>\n\t\t\t\t\t<\/div>\n\t\t<\/section>\n\t\t\t\t\t\t<\/div>\n\t\t\t\t\t<\/div>\n\t\t<\/div>\n\t\t\t\t\t\t\t\t<\/div>\n\t\t\t\t\t<\/div>\n\t\t<\/section>\n\t\t\t\t\t\t<\/div>\n\t\t\t\t\t\t<\/div>\n\t\t\t\t\t<\/div>\n\t\t","protected":false},"excerpt":{"rendered":"Artistic Director of Opera Hong Kong back A world-renowned Chinese tenor from Hong Kong, Warren Mok has made frequent guest appearances in many leading opera houses throughout the world. His operatic repertoire exceeds 60 roles including Cavaradossi in Tosca, Calaf in Turandot, Rodolfo in La boh\u00e8me, Radam\u00e8s in A\u00efda and many others. In recent years, [&hellip;]","protected":false},"author":53,"featured_media":0,"parent":20683,"menu_order":0,"comment_status":"closed","ping_status":"closed","template":"","meta":{"_exactmetrics_skip_tracking":false,"_exactmetrics_sitenote_active":false,"_exactmetrics_sitenote_note":"","_exactmetrics_sitenote_category":0},"categories":[],"tags":[],"_links":{"self":[{"href":"https:\/\/www.hsu.edu.hk\/en\/wp-json\/wp\/v2\/pages\/57687"}],"collection":[{"href":"https:\/\/www.hsu.edu.hk\/en\/wp-json\/wp\/v2\/pages"}],"about":[{"href":"https:\/\/www.hsu.edu.hk\/en\/wp-json\/wp\/v2\/types\/page"}],"author":[{"embeddable":true,"href":"https:\/\/www.hsu.edu.hk\/en\/wp-json\/wp\/v2\/users\/53"}],"replies":[{"embeddable":true,"href":"https:\/\/www.hsu.edu.hk\/en\/wp-json\/wp\/v2\/comments?post=57687"}],"version-history":[{"count":17,"href":"https:\/\/www.hsu.edu.hk\/en\/wp-json\/wp\/v2\/pages\/57687\/revisions"}],"predecessor-version":[{"id":57705,"href":"https:\/\/www.hsu.edu.hk\/en\/wp-json\/wp\/v2\/pages\/57687\/revisions\/57705"}],"up":[{"embeddable":true,"href":"https:\/\/www.hsu.edu.hk\/en\/wp-json\/wp\/v2\/pages\/20683"}],"wp:attachment":[{"href":"https:\/\/www.hsu.edu.hk\/en\/wp-json\/wp\/v2\/media?parent=57687"}],"wp:term":[{"taxonomy":"category","embeddable":true,"href":"https:\/\/www.hsu.edu.hk\/en\/wp-json\/wp\/v2\/categories?post=57687"},{"taxonomy":"post_tag","embeddable":true,"href":"https:\/\/www.hsu.edu.hk\/en\/wp-json\/wp\/v2\/tags?post=57687"}],"curies":[{"name":"wp","href":"https:\/\/api.w.org\/{rel}","templated":true}]}}